{"id":2,"date":"2025-04-07T10:04:04","date_gmt":"2025-04-07T10:04:04","guid":{"rendered":"https:\/\/fukusei.vn\/?page_id=2"},"modified":"2025-04-07T10:57:59","modified_gmt":"2025-04-07T10:57:59","slug":"sample-page","status":"publish","type":"page","link":"https:\/\/fukusei.vn\/index.php\/sample-page\/","title":{"rendered":"N\u0103ng l\u1ef1c s\u1ea3n xu\u1ea5t"},"content":{"rendered":"\n<p>V\u1edbi ba m\u00e1y \u0111\u00ednh linh ki\u1ec7n \u0111\u1ed9 ch\u00ednh x\u00e1c cao YV100XG gi\u00fap n\u0103ng su\u1ea5t l\u00fd thuy\u1ebft \u0111\u1ea1t h\u01a1n 48 ng\u00e0n linh ki\u1ec7n &#8211; 144 ng\u00e0n linh ki\u1ec7n m\u1ed9t ca l\u00e0m vi\u1ec7c 8 ti\u1ebfng .<\/p>\n\n\n\n<p>\u0110\u1ec3 n\u00e2ng cao h\u01a1n ch\u1ea5t l\u01b0\u1ee3ng gia c\u00f4ng , b\u00ean c\u00f4ng ty c\u00f2n hai m\u00e1y qu\u00e9t kem h\u00e0n t\u1ef1 \u0111\u1ed9ng v\u00e0 m\u1ed9t m\u00e1y b\u00e1n t\u1ef1 \u0111\u1ed9ng . <\/p>\n\n\n\n<figure class=\"wp-block-gallery has-nested-images columns-default is-cropped wp-block-gallery-1 is-layout-flex wp-block-gallery-is-layout-flex\">\n<figure class=\"wp-block-image size-large\"><img loading=\"lazy\" decoding=\"async\" width=\"1024\" height=\"768\" data-id=\"26\" src=\"https:\/\/fukusei.vn\/wp-content\/uploads\/2025\/04\/z6481893814275_3b0b648e0b963fade9e6d64a449b989a-1-1024x768.jpg\" alt=\"\" class=\"wp-image-26\" srcset=\"https:\/\/fukusei.vn\/wp-content\/uploads\/2025\/04\/z6481893814275_3b0b648e0b963fade9e6d64a449b989a-1-1024x768.jpg 1024w, https:\/\/fukusei.vn\/wp-content\/uploads\/2025\/04\/z6481893814275_3b0b648e0b963fade9e6d64a449b989a-1-300x225.jpg 300w, https:\/\/fukusei.vn\/wp-content\/uploads\/2025\/04\/z6481893814275_3b0b648e0b963fade9e6d64a449b989a-1-768x576.jpg 768w, https:\/\/fukusei.vn\/wp-content\/uploads\/2025\/04\/z6481893814275_3b0b648e0b963fade9e6d64a449b989a-1-1536x1152.jpg 1536w, https:\/\/fukusei.vn\/wp-content\/uploads\/2025\/04\/z6481893814275_3b0b648e0b963fade9e6d64a449b989a-1-2048x1536.jpg 2048w\" sizes=\"auto, (max-width: 1024px) 100vw, 1024px\" \/><\/figure>\n\n\n\n<figure class=\"wp-block-image size-large\"><img loading=\"lazy\" decoding=\"async\" width=\"1024\" height=\"768\" data-id=\"27\" src=\"https:\/\/fukusei.vn\/wp-content\/uploads\/2025\/04\/z6481893823085_f07bf5c1cf0c2701f9d0ae07aa2d9b7c-1-1024x768.jpg\" alt=\"\" class=\"wp-image-27\" srcset=\"https:\/\/fukusei.vn\/wp-content\/uploads\/2025\/04\/z6481893823085_f07bf5c1cf0c2701f9d0ae07aa2d9b7c-1-1024x768.jpg 1024w, https:\/\/fukusei.vn\/wp-content\/uploads\/2025\/04\/z6481893823085_f07bf5c1cf0c2701f9d0ae07aa2d9b7c-1-300x225.jpg 300w, https:\/\/fukusei.vn\/wp-content\/uploads\/2025\/04\/z6481893823085_f07bf5c1cf0c2701f9d0ae07aa2d9b7c-1-768x576.jpg 768w, https:\/\/fukusei.vn\/wp-content\/uploads\/2025\/04\/z6481893823085_f07bf5c1cf0c2701f9d0ae07aa2d9b7c-1-1536x1152.jpg 1536w, https:\/\/fukusei.vn\/wp-content\/uploads\/2025\/04\/z6481893823085_f07bf5c1cf0c2701f9d0ae07aa2d9b7c-1-2048x1536.jpg 2048w\" sizes=\"auto, (max-width: 1024px) 100vw, 1024px\" \/><\/figure>\n<\/figure>\n\n\n\n<p>\u0110\u1ec3 gi\u1ea3i quy\u1ebft v\u1ea5n \u0111\u1ec1 linh ki\u1ec7n c\u1eafm b\u00ean ch\u00fang t\u00f4i c\u00f3 \u0111\u1ea7u t\u01b0 h\u1ec7 th\u1ed1ng nh\u00fang pcn b\u00e1n t\u1ef1 \u0111\u1ed9ng cho linh ki\u1ec7n xuy\u00ean l\u1ed7 gi\u00fap gia c\u00f4ng nhanh ch\u00f3ng \u1ed5n \u0111\u1ecbnh <\/p>\n\n\n\n<p>s\u1ea3n l\u01b0\u1ee3ng .<\/p>\n\n\n\n<figure class=\"wp-block-image size-large\"><img loading=\"lazy\" decoding=\"async\" width=\"1024\" height=\"768\" src=\"https:\/\/fukusei.vn\/wp-content\/uploads\/2025\/04\/z6481901643883_5cae9e568163c46c2773ad4586a8f8ef-1-1024x768.jpg\" alt=\"\" class=\"wp-image-28\" srcset=\"https:\/\/fukusei.vn\/wp-content\/uploads\/2025\/04\/z6481901643883_5cae9e568163c46c2773ad4586a8f8ef-1-1024x768.jpg 1024w, https:\/\/fukusei.vn\/wp-content\/uploads\/2025\/04\/z6481901643883_5cae9e568163c46c2773ad4586a8f8ef-1-300x225.jpg 300w, https:\/\/fukusei.vn\/wp-content\/uploads\/2025\/04\/z6481901643883_5cae9e568163c46c2773ad4586a8f8ef-1-768x576.jpg 768w, https:\/\/fukusei.vn\/wp-content\/uploads\/2025\/04\/z6481901643883_5cae9e568163c46c2773ad4586a8f8ef-1-1536x1152.jpg 1536w, https:\/\/fukusei.vn\/wp-content\/uploads\/2025\/04\/z6481901643883_5cae9e568163c46c2773ad4586a8f8ef-1-2048x1536.jpg 2048w\" sizes=\"auto, (max-width: 1024px) 100vw, 1024px\" \/><\/figure>\n\n\n\n<p>sau khi gia c\u00f4ng SMT \/ Linh ki\u1ec7n xuy\u00ean l\u1ed7 b\u00ean cty s\u1ebd rework l\u1ea1i pcb n\u1ebfu b\u1ecb l\u1ed7i b\u1eb1ng tr\u1ea1m h\u00e0n n\u1ed5i ti\u1ebfng t\u1eeb ch\u00e2u \u00e2u \u0111\u00f3 l\u00e0 tr\u1ea1m h\u00e0n JBC \/ \u0111o \u0111\u1ea1c b\u0103ng \u0111\u1ed3ng h\u1ed3 t\u1eeb th\u01b0\u01a1ng hi\u1ec7u FLUKE 87\/ FLUKE 28 .<\/p>\n\n\n\n<figure class=\"wp-block-gallery has-nested-images columns-default is-cropped wp-block-gallery-2 is-layout-flex wp-block-gallery-is-layout-flex\">\n<figure class=\"wp-block-image size-large\"><img loading=\"lazy\" decoding=\"async\" width=\"1024\" height=\"768\" data-id=\"25\" src=\"https:\/\/fukusei.vn\/wp-content\/uploads\/2025\/04\/z6481901638956_81bbd72022f08abc10cc1caf633750fe-1024x768.jpg\" alt=\"\" class=\"wp-image-25\" srcset=\"https:\/\/fukusei.vn\/wp-content\/uploads\/2025\/04\/z6481901638956_81bbd72022f08abc10cc1caf633750fe-1024x768.jpg 1024w, https:\/\/fukusei.vn\/wp-content\/uploads\/2025\/04\/z6481901638956_81bbd72022f08abc10cc1caf633750fe-300x225.jpg 300w, https:\/\/fukusei.vn\/wp-content\/uploads\/2025\/04\/z6481901638956_81bbd72022f08abc10cc1caf633750fe-768x576.jpg 768w, https:\/\/fukusei.vn\/wp-content\/uploads\/2025\/04\/z6481901638956_81bbd72022f08abc10cc1caf633750fe-1536x1152.jpg 1536w, https:\/\/fukusei.vn\/wp-content\/uploads\/2025\/04\/z6481901638956_81bbd72022f08abc10cc1caf633750fe-2048x1536.jpg 2048w\" sizes=\"auto, (max-width: 1024px) 100vw, 1024px\" \/><\/figure>\n\n\n\n<figure class=\"wp-block-image size-large\"><img loading=\"lazy\" decoding=\"async\" width=\"1024\" height=\"768\" data-id=\"29\" src=\"https:\/\/fukusei.vn\/wp-content\/uploads\/2025\/04\/z6481919026556_c7d2f1253b2f16b8b7214fd6c847a5c8-1024x768.jpg\" alt=\"\" class=\"wp-image-29\" srcset=\"https:\/\/fukusei.vn\/wp-content\/uploads\/2025\/04\/z6481919026556_c7d2f1253b2f16b8b7214fd6c847a5c8-1024x768.jpg 1024w, https:\/\/fukusei.vn\/wp-content\/uploads\/2025\/04\/z6481919026556_c7d2f1253b2f16b8b7214fd6c847a5c8-300x225.jpg 300w, https:\/\/fukusei.vn\/wp-content\/uploads\/2025\/04\/z6481919026556_c7d2f1253b2f16b8b7214fd6c847a5c8-768x576.jpg 768w, https:\/\/fukusei.vn\/wp-content\/uploads\/2025\/04\/z6481919026556_c7d2f1253b2f16b8b7214fd6c847a5c8-1536x1152.jpg 1536w, https:\/\/fukusei.vn\/wp-content\/uploads\/2025\/04\/z6481919026556_c7d2f1253b2f16b8b7214fd6c847a5c8-2048x1536.jpg 2048w\" sizes=\"auto, (max-width: 1024px) 100vw, 1024px\" \/><\/figure>\n<\/figure>\n\n\n\n<p><\/p>\n","protected":false},"excerpt":{"rendered":"<p>V\u1edbi ba m\u00e1y \u0111\u00ednh linh ki\u1ec7n \u0111\u1ed9 ch\u00ednh x\u00e1c cao YV100XG gi\u00fap n\u0103ng su\u1ea5t l\u00fd thuy\u1ebft \u0111\u1ea1t h\u01a1n 48 ng\u00e0n linh ki\u1ec7n &#8211; 144 ng\u00e0n linh ki\u1ec7n m\u1ed9t ca l\u00e0m vi\u1ec7c 8 ti\u1ebfng . \u0110\u1ec3 n\u00e2ng cao h\u01a1n ch\u1ea5t l\u01b0\u1ee3ng gia c\u00f4ng , b\u00ean c\u00f4ng ty c\u00f2n hai m\u00e1y qu\u00e9t kem h\u00e0n t\u1ef1 \u0111\u1ed9ng v\u00e0 [&hellip;]<\/p>\n","protected":false},"author":1,"featured_media":21,"parent":0,"menu_order":0,"comment_status":"closed","ping_status":"open","template":"","meta":{"footnotes":""},"class_list":["post-2","page","type-page","status-publish","has-post-thumbnail","hentry"],"_links":{"self":[{"href":"https:\/\/fukusei.vn\/index.php\/wp-json\/wp\/v2\/pages\/2","targetHints":{"allow":["GET"]}}],"collection":[{"href":"https:\/\/fukusei.vn\/index.php\/wp-json\/wp\/v2\/pages"}],"about":[{"href":"https:\/\/fukusei.vn\/index.php\/wp-json\/wp\/v2\/types\/page"}],"author":[{"embeddable":true,"href":"https:\/\/fukusei.vn\/index.php\/wp-json\/wp\/v2\/users\/1"}],"replies":[{"embeddable":true,"href":"https:\/\/fukusei.vn\/index.php\/wp-json\/wp\/v2\/comments?post=2"}],"version-history":[{"count":1,"href":"https:\/\/fukusei.vn\/index.php\/wp-json\/wp\/v2\/pages\/2\/revisions"}],"predecessor-version":[{"id":30,"href":"https:\/\/fukusei.vn\/index.php\/wp-json\/wp\/v2\/pages\/2\/revisions\/30"}],"wp:featuredmedia":[{"embeddable":true,"href":"https:\/\/fukusei.vn\/index.php\/wp-json\/wp\/v2\/media\/21"}],"wp:attachment":[{"href":"https:\/\/fukusei.vn\/index.php\/wp-json\/wp\/v2\/media?parent=2"}],"curies":[{"name":"wp","href":"https:\/\/api.w.org\/{rel}","templated":true}]}}